{"id":909,"date":"2018-11-27T09:17:42","date_gmt":"2018-11-27T11:17:42","guid":{"rendered":"http:\/\/crseletricidade.com.br\/?page_id=909"},"modified":"2021-06-21T17:50:59","modified_gmt":"2021-06-21T20:50:59","slug":"portfolio","status":"publish","type":"page","link":"https:\/\/crseletricidade.com.br\/?page_id=909","title":{"rendered":"Portfolio"},"content":{"rendered":"\t\t<div data-elementor-type=\"wp-post\" data-elementor-id=\"909\" class=\"elementor elementor-909\" data-elementor-settings=\"[]\">\n\t\t\t\t\t\t\t<div class=\"elementor-section-wrap\">\n\t\t\t\t\t\t\t<section class=\"elementor-section elementor-top-section elementor-element elementor-element-7ac9ca5 elementor-section-boxed elementor-section-height-default elementor-section-height-default\" data-id=\"7ac9ca5\" data-element_type=\"section\" data-settings=\"{&quot;background_background&quot;:&quot;classic&quot;}\">\n\t\t\t\t\t\t\t<div class=\"elementor-background-overlay\"><\/div>\n\t\t\t\t\t\t\t<div class=\"elementor-container elementor-column-gap-default\">\n\t\t\t\t\t<div class=\"elementor-column elementor-col-33 elementor-top-column elementor-element elementor-element-fc40e94\" data-id=\"fc40e94\" data-element_type=\"column\">\n\t\t\t<div class=\"elementor-widget-wrap\">\n\t\t\t\t\t\t\t\t\t<\/div>\n\t\t<\/div>\n\t\t\t\t<div class=\"elementor-column elementor-col-33 elementor-top-column elementor-element elementor-element-90988fe\" data-id=\"90988fe\" data-element_type=\"column\">\n\t\t\t<div class=\"elementor-widget-wrap elementor-element-populated\">\n\t\t\t\t\t\t\t\t<div class=\"elementor-element elementor-element-4a1c612 elementor-widget elementor-widget-heading\" data-id=\"4a1c612\" data-element_type=\"widget\" data-widget_type=\"heading.default\">\n\t\t\t\t<div class=\"elementor-widget-container\">\n\t\t\t<h1 class=\"elementor-heading-title elementor-size-default\">Portfolio<\/h1>\t\t<\/div>\n\t\t\t\t<\/div>\n\t\t\t\t\t<\/div>\n\t\t<\/div>\n\t\t\t\t<div class=\"elementor-column elementor-col-33 elementor-top-column elementor-element elementor-element-919f5c1\" data-id=\"919f5c1\" data-element_type=\"column\">\n\t\t\t<div class=\"elementor-widget-wrap\">\n\t\t\t\t\t\t\t\t\t<\/div>\n\t\t<\/div>\n\t\t\t\t\t\t\t<\/div>\n\t\t<\/section>\n\t\t\t\t<section class=\"elementor-section elementor-top-section elementor-element elementor-element-8262e30 elementor-section-content-middle elementor-section-boxed elementor-section-height-default elementor-section-height-default\" data-id=\"8262e30\" data-element_type=\"section\" data-settings=\"{&quot;background_background&quot;:&quot;classic&quot;}\">\n\t\t\t\t\t\t\t<div class=\"elementor-background-overlay\"><\/div>\n\t\t\t\t\t\t\t<div class=\"elementor-container elementor-column-gap-no\">\n\t\t\t\t\t<div class=\"elementor-column elementor-col-100 elementor-top-column elementor-element elementor-element-da6ae65\" data-id=\"da6ae65\" data-element_type=\"column\">\n\t\t\t<div class=\"elementor-widget-wrap elementor-element-populated\">\n\t\t\t\t\t\t\t\t<div class=\"elementor-element elementor-element-6fecb3a elementor-pagination-position-outside elementor-widget elementor-widget-image-carousel\" data-id=\"6fecb3a\" data-element_type=\"widget\" data-settings=\"{&quot;slides_to_show&quot;:&quot;3&quot;,&quot;slides_to_scroll&quot;:&quot;1&quot;,&quot;navigation&quot;:&quot;dots&quot;,&quot;slides_to_show_tablet&quot;:&quot;2&quot;,&quot;slides_to_show_mobile&quot;:&quot;1&quot;,&quot;autoplay&quot;:&quot;no&quot;,&quot;infinite&quot;:&quot;yes&quot;,&quot;speed&quot;:500,&quot;image_spacing_custom&quot;:{&quot;unit&quot;:&quot;px&quot;,&quot;size&quot;:20,&quot;sizes&quot;:[]}}\" data-widget_type=\"image-carousel.default\">\n\t\t\t\t<div class=\"elementor-widget-container\">\n\t\t\t\t\t<div class=\"elementor-image-carousel-wrapper swiper-container\" dir=\"ltr\">\n\t\t\t<div class=\"elementor-image-carousel swiper-wrapper swiper-image-stretch\">\n\t\t\t\t<div class=\"swiper-slide\"><figure class=\"swiper-slide-inner\"><img class=\"swiper-slide-image\" src=\"https:\/\/crseletricidade.com.br\/wp-content\/uploads\/2021\/06\/Recreio-RJ-quadro-1-adequacao-de-instalacao-eletrica-em-casas-de-medio-e-grande-porte.jpeg\" alt=\"Recreio - RJ quadro 1 adequa\u00e7\u00e3o de instala\u00e7\u00e3o el\u00e9trica em casas de m\u00e9dio e grande porte\" \/><figcaption class=\"elementor-image-carousel-caption\">Recreio - RJ quadro 1 adequa\u00e7\u00e3o de instala\u00e7\u00e3o el\u00e9trica em casas de m\u00e9dio e grande porte<\/figcaption><\/figure><\/div><div class=\"swiper-slide\"><figure class=\"swiper-slide-inner\"><img class=\"swiper-slide-image\" src=\"https:\/\/crseletricidade.com.br\/wp-content\/uploads\/2021\/06\/Recreio-quadro-1-anteriormente.jpeg\" alt=\"Recreio quadro 1 anteriormente\" \/><figcaption class=\"elementor-image-carousel-caption\">Recreio quadro 1 anteriormente<\/figcaption><\/figure><\/div><div class=\"swiper-slide\"><figure class=\"swiper-slide-inner\"><img class=\"swiper-slide-image\" src=\"https:\/\/crseletricidade.com.br\/wp-content\/uploads\/2021\/06\/Recreio-quadro-2.jpeg\" alt=\"Recreio quadro 2\" \/><figcaption class=\"elementor-image-carousel-caption\">Recreio quadro 2<\/figcaption><\/figure><\/div><div class=\"swiper-slide\"><figure class=\"swiper-slide-inner\"><img class=\"swiper-slide-image\" src=\"https:\/\/crseletricidade.com.br\/wp-content\/uploads\/2021\/06\/adequacao-do-sinotico-em-UHE-Ilha-Solteira.jpeg\" alt=\"adequa\u00e7\u00e3o do sin\u00f3tico em  UHE Ilha Solteira\" \/><figcaption class=\"elementor-image-carousel-caption\">adequa\u00e7\u00e3o do sin\u00f3tico em  UHE Ilha Solteira<\/figcaption><\/figure><\/div><div class=\"swiper-slide\"><figure class=\"swiper-slide-inner\"><img class=\"swiper-slide-image\" src=\"https:\/\/crseletricidade.com.br\/wp-content\/uploads\/2021\/06\/Caculo-e-instalacao-de-rede-intranet-estruturada.jpeg\" alt=\"C\u00e1lculo e instala\u00e7\u00e3o de rede intranet estruturada\" \/><figcaption class=\"elementor-image-carousel-caption\">C\u00e1lculo e instala\u00e7\u00e3o de rede intranet estruturada<\/figcaption><\/figure><\/div><div class=\"swiper-slide\"><figure class=\"swiper-slide-inner\"><img class=\"swiper-slide-image\" src=\"https:\/\/crseletricidade.com.br\/wp-content\/uploads\/2021\/06\/calculo-e-montagem-de-subestacoes-simplificadas.jpeg\" alt=\"C\u00e1lculo e montagem de subesta\u00e7\u00f5es simplificadas\" \/><figcaption class=\"elementor-image-carousel-caption\">C\u00e1lculo e montagem de subesta\u00e7\u00f5es simplificadas<\/figcaption><\/figure><\/div><div class=\"swiper-slide\"><figure class=\"swiper-slide-inner\"><img class=\"swiper-slide-image\" src=\"https:\/\/crseletricidade.com.br\/wp-content\/uploads\/2021\/06\/Calculo-e-montagem-de-sistema-automatico-de-correcao-de-fator-de-potencia.jpeg\" alt=\"C\u00e1lculo e montagem de sistema autom\u00e1tico de corre\u00e7\u00e3o de fator de pot\u00eancia\" \/><figcaption class=\"elementor-image-carousel-caption\">C\u00e1lculo e montagem de sistema autom\u00e1tico de corre\u00e7\u00e3o de fator de pot\u00eancia<\/figcaption><\/figure><\/div><div class=\"swiper-slide\"><figure class=\"swiper-slide-inner\"><img class=\"swiper-slide-image\" src=\"https:\/\/crseletricidade.com.br\/wp-content\/uploads\/2021\/06\/Instalacao-de-grupo-gerador-SE-Ribeiraozinho.jpeg\" alt=\"Instala\u00e7\u00e3o de grupo gerador  SE Ribeir\u00e3ozinho\" \/><figcaption class=\"elementor-image-carousel-caption\">Instala\u00e7\u00e3o de grupo gerador  SE Ribeir\u00e3ozinho<\/figcaption><\/figure><\/div><div class=\"swiper-slide\"><figure class=\"swiper-slide-inner\"><img class=\"swiper-slide-image\" src=\"https:\/\/crseletricidade.com.br\/wp-content\/uploads\/2021\/06\/Instalacao-de-painel-telecon-TRM-1-se-Primavera-cesp.jpeg\" alt=\"Instala\u00e7\u00e3o de painel telecon TRM-1 (se Primavera) cesp\" \/><figcaption class=\"elementor-image-carousel-caption\">Instala\u00e7\u00e3o de painel telecon TRM-1 (se Primavera) cesp<\/figcaption><\/figure><\/div><div class=\"swiper-slide\"><figure class=\"swiper-slide-inner\"><img class=\"swiper-slide-image\" src=\"https:\/\/crseletricidade.com.br\/wp-content\/uploads\/2021\/06\/Manutencao-de-transformadores-teste-de-rigidez-do-oleo-e-isolamento.jpeg\" alt=\"Manuten\u00e7\u00e3o de transformadores, teste de rigidez do \u00f3leo e isolamento\" \/><figcaption class=\"elementor-image-carousel-caption\">Manuten\u00e7\u00e3o de transformadores, teste de rigidez do \u00f3leo e isolamento<\/figcaption><\/figure><\/div><div class=\"swiper-slide\"><figure class=\"swiper-slide-inner\"><img class=\"swiper-slide-image\" src=\"https:\/\/crseletricidade.com.br\/wp-content\/uploads\/2021\/06\/Manutencao-preventiva-se-500kVa-MSC-RJ.jpeg\" alt=\"Manuten\u00e7\u00e3o preventiva se 500kVa (MSC- RJ)\" \/><figcaption class=\"elementor-image-carousel-caption\">Manuten\u00e7\u00e3o preventiva se 500kVa (MSC- RJ)<\/figcaption><\/figure><\/div><div class=\"swiper-slide\"><figure class=\"swiper-slide-inner\"><img class=\"swiper-slide-image\" src=\"https:\/\/crseletricidade.com.br\/wp-content\/uploads\/2021\/06\/montagem-de-luminarias-na-SE-Estreito-1.jpeg\" alt=\"Montagem de lumin\u00e1rias na SE Estreito\" \/><figcaption class=\"elementor-image-carousel-caption\">Montagem de lumin\u00e1rias na SE Estreito<\/figcaption><\/figure><\/div><div class=\"swiper-slide\"><figure class=\"swiper-slide-inner\"><img class=\"swiper-slide-image\" src=\"https:\/\/crseletricidade.com.br\/wp-content\/uploads\/2021\/06\/Passagem-de-cabo-optico-SE-Primavera-230kVA-usina-Sergio-Motta-Porto-Primavera-CESP-1.jpeg\" alt=\"Passagem de cabo \u00f3ptico - SE Primavera 230kVA (usina S\u00e9rgio Motta) Porto Primavera- CESP\" \/><figcaption class=\"elementor-image-carousel-caption\">Passagem de cabo \u00f3ptico - SE Primavera 230kVA (usina S\u00e9rgio Motta) Porto Primavera- CESP<\/figcaption><\/figure><\/div><div class=\"swiper-slide\"><figure class=\"swiper-slide-inner\"><img class=\"swiper-slide-image\" src=\"https:\/\/crseletricidade.com.br\/wp-content\/uploads\/2021\/06\/Sistema-de-protecao-e-seccionamento-de-subestacao-abrigada.jpeg\" alt=\"Sistema de prote\u00e7\u00e3o e seccionamento de subesta\u00e7\u00e3o abrigada\" \/><figcaption class=\"elementor-image-carousel-caption\">Sistema de prote\u00e7\u00e3o e seccionamento de subesta\u00e7\u00e3o abrigada<\/figcaption><\/figure><\/div>\t\t\t<\/div>\n\t\t\t\t\t\t\t\t\t\t\t\t<div class=\"swiper-pagination\"><\/div>\n\t\t\t\t\t\t\t\t\t\t\t\t\t<\/div>\n\t\t\t\t<\/div>\n\t\t\t\t<\/div>\n\t\t\t\t\t<\/div>\n\t\t<\/div>\n\t\t\t\t\t\t\t<\/div>\n\t\t<\/section>\n\t\t\t\t\t\t<\/div>\n\t\t\t\t\t<\/div>\n\t\t","protected":false},"excerpt":{"rendered":"<p>Portfolio Recreio &#8211; RJ quadro 1 adequa\u00e7\u00e3o de instala\u00e7\u00e3o el\u00e9trica em casas de m\u00e9dio e grande porte Recreio quadro 1 anteriormente Recreio quadro 2 adequa\u00e7\u00e3o do sin\u00f3tico em UHE Ilha Solteira C\u00e1lculo e instala\u00e7\u00e3o de rede intranet estruturada C\u00e1lculo e montagem de subesta\u00e7\u00f5es simplificadas C\u00e1lculo e montagem de sistema autom\u00e1tico de corre\u00e7\u00e3o de fator de &hellip;<\/p>\n<p class=\"read-more\"> <a class=\"\" href=\"https:\/\/crseletricidade.com.br\/?page_id=909\"> <span class=\"screen-reader-text\">Portfolio<\/span> Leia mais &raquo;<\/a><\/p>\n","protected":false},"author":1,"featured_media":0,"parent":0,"menu_order":0,"comment_status":"closed","ping_status":"closed","template":"","meta":[],"_links":{"self":[{"href":"https:\/\/crseletricidade.com.br\/index.php?rest_route=\/wp\/v2\/pages\/909"}],"collection":[{"href":"https:\/\/crseletricidade.com.br\/index.php?rest_route=\/wp\/v2\/pages"}],"about":[{"href":"https:\/\/crseletricidade.com.br\/index.php?rest_route=\/wp\/v2\/types\/page"}],"author":[{"embeddable":true,"href":"https:\/\/crseletricidade.com.br\/index.php?rest_route=\/wp\/v2\/users\/1"}],"replies":[{"embeddable":true,"href":"https:\/\/crseletricidade.com.br\/index.php?rest_route=%2Fwp%2Fv2%2Fcomments&post=909"}],"version-history":[{"count":50,"href":"https:\/\/crseletricidade.com.br\/index.php?rest_route=\/wp\/v2\/pages\/909\/revisions"}],"predecessor-version":[{"id":1251,"href":"https:\/\/crseletricidade.com.br\/index.php?rest_route=\/wp\/v2\/pages\/909\/revisions\/1251"}],"wp:attachment":[{"href":"https:\/\/crseletricidade.com.br\/index.php?rest_route=%2Fwp%2Fv2%2Fmedia&parent=909"}],"curies":[{"name":"wp","href":"https:\/\/api.w.org\/{rel}","templated":true}]}}